{"id":42,"date":"2015-04-09T16:59:40","date_gmt":"2015-04-09T15:59:40","guid":{"rendered":"http:\/\/2017.automnemusicalduvesinet.fr\/?page_id=42"},"modified":"2017-09-02T11:00:03","modified_gmt":"2017-09-02T10:00:03","slug":"le-festival","status":"publish","type":"page","link":"http:\/\/2017.automnemusicalduvesinet.fr\/?page_id=42","title":{"rendered":"Programme"},"content":{"rendered":"<h1>Programme<\/h1>\n<p><a href=\"http:\/\/2017.automnemusicalduvesinet.fr\/wp-content\/uploads\/2015\/04\/Duchable-Fe\u0300vre.jpg\"><img loading=\"lazy\" class=\"alignnone wp-image-985\" src=\"http:\/\/2017.automnemusicalduvesinet.fr\/wp-content\/uploads\/2015\/04\/Duchable-Fe\u0300vre-300x200.jpg\" alt=\"\" width=\"620\" height=\"413\" srcset=\"http:\/\/2017.automnemusicalduvesinet.fr\/wp-content\/uploads\/2015\/04\/Duchable-Fe\u0300vre-300x200.jpg 300w, http:\/\/2017.automnemusicalduvesinet.fr\/wp-content\/uploads\/2015\/04\/Duchable-Fe\u0300vre-768x511.jpg 768w, http:\/\/2017.automnemusicalduvesinet.fr\/wp-content\/uploads\/2015\/04\/Duchable-Fe\u0300vre.jpg 975w\" sizes=\"(max-width: 620px) 100vw, 620px\" \/><\/a><\/p>\n<p><span style=\"font-size: 16px;\">De Beethoven \u00e0 Honegger, de Berlioz \u00e0 Chopin, le Festival s&#8217;articulera cette ann\u00e9e autour de trois concerts sur les th\u00e8mes des Musiques de la Grande Guerre, d&#8217;une Nuit du piano, et d&#8217;une apr\u00e8s-midi Piano et Chant &#8220;de Bach \u00e0 Offenbach&#8221;.<\/span><\/p>\n<p><span style=\"font-size: 16px;\">Le Festival s\u2019adresse \u00e0 un large public, et r\u00e9unit des artistes de grand talent permettant de combler les m\u00e9lomanes les plus avertis.<\/span><\/p>\n<p><span style=\"font-size: 18px; line-height: 1.5em;\"><span style=\"text-decoration: underline;\">Le programme comprendra trois concerts<\/span> :<\/span><\/p>\n<ul>\n<li><span style=\"font-size: 16px;\"><strong>Le <a href=\"http:\/\/2017.automnemusicalduvesinet.fr\/programme-du-vendredi\/\">Vendredi 13 octobre<\/a>, sur le th\u00e8me &#8220;Musiques de la Grande Guerre&#8221;<\/strong>, avec des \u0153uvres de Satie, Ravel et Honegger.<\/span><\/li>\n<\/ul>\n<p>&nbsp;<\/p>\n<ul>\n<li><span style=\"font-size: 16px;\"><strong>Le <a href=\"http:\/\/2017.automnemusicalduvesinet.fr\/programme-du-samedi-2\/\">Samedi 14 octobre<\/a>, la Nuit du Piano<\/strong>, avec des &#8220;Pi\u00e8ces Br\u00e8ves&#8221; de Beethoven, Debussy, Bartok, valses et sonate de Chopin&#8230;<\/span><\/li>\n<\/ul>\n<p>&nbsp;<\/p>\n<ul>\n<li><span style=\"font-size: 16px;\"><span style=\"font-size: 16px;\"><strong>Le <a href=\"http:\/\/2017.automnemusicalduvesinet.fr\/dimanche-16-octobre-a-16h\/\">Dimanche 15 octobre<\/a>, &#8220;De Bach \u00e0 Offenbach&#8221;: <\/strong>Pi\u00e8ces pour piano et chant avec\u00a0<strong><strong>Fran\u00e7ois-Ren\u00e9 Duch\u00e2ble <\/strong><\/strong>et\u00a0<\/span><\/span><span style=\"font-size: 16px;\"><strong>Caroline F\u00e8vre<\/strong>.<\/span><\/li>\n<\/ul>\n<p>&nbsp;<\/p>\n<p><span style=\"font-size: 16px;\">Direction artistique : Vadim Tchijik, <em>Fabrice Loyal<\/em><\/span><\/p>\n<p>L&#8217;organisateur du festival est l&#8217;association &#8220;<a href=\"http:\/\/www.espritmusical.fr\">L&#8217;esprit musical du V\u00e9sinet<\/a>&#8221;<\/p>\n<p style=\"text-align: left;\">Avec le soutien de la <a href=\"http:\/\/www.levesinet.fr\/\" target=\"_blank\" rel=\"noopener\"><strong>Ville du V\u00e9sinet<\/strong><\/a><\/p>\n","protected":false},"excerpt":{"rendered":"<p>Programme De Beethoven \u00e0 Honegger, de Berlioz \u00e0 Chopin, le Festival s&#8217;articulera cette ann\u00e9e autour de trois concerts sur les th\u00e8mes des Musiques de la Grande Guerre, d&#8217;une Nuit du piano, et d&#8217;une apr\u00e8s-midi Piano et Chant &#8220;de Bach \u00e0 Offenbach&#8221;. Le Festival s\u2019adresse \u00e0 un large public, et r\u00e9unit des artistes de grand talent permettant de combler les m\u00e9lomanes les plus avertis. Le programme comprendra trois concerts : Le Vendredi 13 octobre, sur le <a href=\"http:\/\/2017.automnemusicalduvesinet.fr\/?page_id=42\"> <\/a><\/p>\n","protected":false},"author":1,"featured_media":0,"parent":0,"menu_order":1,"comment_status":"closed","ping_status":"closed","template":"","meta":[],"_links":{"self":[{"href":"http:\/\/2017.automnemusicalduvesinet.fr\/index.php?rest_route=\/wp\/v2\/pages\/42"}],"collection":[{"href":"http:\/\/2017.automnemusicalduvesinet.fr\/index.php?rest_route=\/wp\/v2\/pages"}],"about":[{"href":"http:\/\/2017.automnemusicalduvesinet.fr\/index.php?rest_route=\/wp\/v2\/types\/page"}],"author":[{"embeddable":true,"href":"http:\/\/2017.automnemusicalduvesinet.fr\/index.php?rest_route=\/wp\/v2\/users\/1"}],"replies":[{"embeddable":true,"href":"http:\/\/2017.automnemusicalduvesinet.fr\/index.php?rest_route=%2Fwp%2Fv2%2Fcomments&post=42"}],"version-history":[{"count":95,"href":"http:\/\/2017.automnemusicalduvesinet.fr\/index.php?rest_route=\/wp\/v2\/pages\/42\/revisions"}],"predecessor-version":[{"id":999,"href":"http:\/\/2017.automnemusicalduvesinet.fr\/index.php?rest_route=\/wp\/v2\/pages\/42\/revisions\/999"}],"wp:attachment":[{"href":"http:\/\/2017.automnemusicalduvesinet.fr\/index.php?rest_route=%2Fwp%2Fv2%2Fmedia&parent=42"}],"curies":[{"name":"wp","href":"https:\/\/api.w.org\/{rel}","templated":true}]}}